{"id":145,"date":"2024-05-18T02:50:04","date_gmt":"2024-05-18T00:50:04","guid":{"rendered":"http:\/\/maillotdefootstore.com\/?page_id=145"},"modified":"2024-06-25T23:29:32","modified_gmt":"2024-06-25T21:29:32","slug":"politique-dexpedition","status":"publish","type":"page","link":"https:\/\/maillotdefootstore.com\/en\/politique-dexpedition","title":{"rendered":"POLITIQUE D&#8217;EXP\u00c9DITION"},"content":{"rendered":"<div class=\"container section-title-container\" ><h3 class=\"section-title section-title-center\"><b><\/b><span class=\"section-title-main\" ><i class=\"icon-angle-down\" ><\/i>POLITIQUE D'EXP\u00c9DITION<\/span><b><\/b><\/h3><\/div>\n\n<p><strong>RETOURS<\/strong><\/p>\n<div><span>&#8212;-<\/span><\/div>\n<div>Notre politique dure 7 jours. Si plus de 7 jours se sont \u00e9coul\u00e9s depuis votre achat, nous ne pouvons malheureusement offrir ni remboursement ni \u00e9change.<\/div>\n<div>Pour pouvoir \u00eatre retourn\u00e9, votre article doit \u00eatre inutilis\u00e9 et dans l&#8217;\u00e9tat o\u00f9 vous l&#8217;avez re\u00e7u. Il doit aussi \u00eatre dans son emballage d&#8217;origine.<\/div>\n<div>Pour compl\u00e9ter votre retour, nous exigeons un re\u00e7u ou une preuve d&#8217;achat.<\/div>\n<div>Ne retournez pas votre achat au fabricant.<\/div>\n<div>Dans certains cas, seuls des remboursements partiels sont accord\u00e9s\u00a0: (le cas \u00e9ch\u00e9ant)<\/div>\n<div>*\u00a0Tout article qui n&#8217;est pas dans son \u00e9tat d&#8217;origine, qui est endommag\u00e9 ou auquel il manque des pi\u00e8ces pour une raison non due \u00e0 une erreur de notre part.<\/div>\n<div>*\u00a0Tout article retourn\u00e9 plus de 30\u00a0jours apr\u00e8s sa livraison<\/div>\n<div><strong>Remboursements<\/strong>\u00a0(le cas \u00e9ch\u00e9ant)<\/div>\n<div>Une fois votre retour re\u00e7u et inspect\u00e9 par notre \u00e9quipe de professionnelles, nous vous adresserons un e-mail pour vous indiquer que nous avons re\u00e7u l&#8217;article retourn\u00e9. Nous vous pr\u00e9ciserons \u00e9galement si votre remboursement est approuv\u00e9 ou refus\u00e9.<\/div>\n<div>S&#8217;il est approuv\u00e9, votre remboursement est alors trait\u00e9 et votre carte de cr\u00e9dit ou moyen de paiement initial se voit cr\u00e9dit\u00e9(e) automatiquement dans un d\u00e9lai de quelques jours.<\/div>\n<div>Nous tenons \u00e0 souligner l&#8217;importance de clarifier notre politique de remboursement concernant les d\u00e9douanements. Il est essentiel de comprendre que nous ne pouvons assumer la responsabilit\u00e9 des frais de d\u00e9douanement li\u00e9s \u00e0 l&#8217;importation des produits que vous avez achet\u00e9s.<br \/><br \/>En tant que vendeur, nous faisons de notre mieux pour fournir des informations pr\u00e9cises et d\u00e9taill\u00e9es sur nos produits, ainsi que pour faciliter le processus d&#8217;achat. Cependant, les r\u00e8gles et r\u00e9glementations douani\u00e8res varient d&#8217;un pays \u00e0 l&#8217;autre, et il est impossible pour nous de pr\u00e9voir ou de contr\u00f4ler les frais de d\u00e9douanement impos\u00e9s par les autorit\u00e9s douani\u00e8res.<br \/><br \/>Nous nous engageons \u00e0 vous rembourser seulment si une erreur de notre part est av\u00e9r\u00e9e. Cela signifie que si nous avons commis une erreur lors du traitement de votre commande ou si nous avons exp\u00e9di\u00e9 le mauvais produit, nous assumerons pleinement la responsabilit\u00e9 et vous rembourserons int\u00e9gralement, y compris les frais de d\u00e9douanement.<br \/><br \/>Cependant, si le probl\u00e8me de d\u00e9douanement est d\u00fb \u00e0 des exigences ou des r\u00e8glements sp\u00e9cifiques impos\u00e9s par les autorit\u00e9s douani\u00e8res de votre pays, nous ne pourrons pas \u00eatre tenus responsables. Dans de tels cas, nous vous encourageons \u00e0 vous renseigner sur les r\u00e8gles et r\u00e9glementations douani\u00e8res applicables avant de passer commande. Cela vous aidera \u00e0 prendre une d\u00e9cision \u00e9clair\u00e9e et \u00e0 \u00e9viter toute confusion ou d\u00e9ception ult\u00e9rieure.<br \/><br \/>Nous tenons \u00e9galement \u00e0 souligner que nous entretenons des relations \u00e9troites avec nos grossistes, qui sont des partenaires essentiels dans notre cha\u00eene d&#8217;approvisionnement. Si, malgr\u00e9 tous nos efforts, nous ne parvenons pas \u00e0 obtenir le remboursement des frais de d\u00e9douanement de notre grossiste, nous regrettons de vous informer que nous ne pourrons pas vous rembourser ces frais.<br \/><br \/>Nous comprenons que cela peut sembler injuste ou frustrant, mais nous tenons \u00e0 \u00eatre transparents avec vous d\u00e8s le d\u00e9but. Notre objectif est de vous fournir une exp\u00e9rience d&#8217;achat agr\u00e9able et sans tracas. Nous vous recommandons donc vivement de prendre en compte ces facteurs lors de votre d\u00e9cision d&#8217;achat et de vous familiariser avec les politiques douani\u00e8res de votre pays.<br \/><br \/>En conclusion, nous ne pouvons \u00eatre tenus responsables des frais de d\u00e9douanement, sauf en cas d&#8217;erreur de notre part. Si nous sommes en mesure de r\u00e9cup\u00e9rer ces frais aupr\u00e8s de notre grossiste, nous vous rembourserons. Cependant, si nous ne parvenons pas \u00e0 obtenir ce remboursement, nous ne pourrons malheureusement pas vous le restituer. Nous vous remercions de votre compr\u00e9hension et de votre collaboration.<\/div>\n<div><strong>Remboursements retard\u00e9s ou manquants (le cas \u00e9ch\u00e9ant)<\/strong><\/div>\n<div>Si vous n&#8217;avez pas encore re\u00e7u de remboursement, rev\u00e9rifiez d&#8217;abord votre compte bancaire.<\/div>\n<div>Puis contactez la soci\u00e9t\u00e9 \u00e9mettrice de votre carte de cr\u00e9dit, car il se peut que l&#8217;affichage officiel de votre remboursement prenne un peu de temps.<\/div>\n<div>Ensuite, contactez votre banque. L&#8217;affichage d&#8217;un remboursement est souvent pr\u00e9c\u00e9d\u00e9 d&#8217;un d\u00e9lai de traitement.<\/div>\n<div>Si vous avez effectu\u00e9 toutes ces d\u00e9marches et que vous n&#8217;avez toujours pas re\u00e7u votre remboursement, contactez-nous \u00e0 Notre adresse mail<\/div>\n<div><strong>Articles sold\u00e9s ou en promotion<\/strong><\/div>\n<div>Les articles \u00e0 prix normal sont remboursables et les articles sold\u00e9s ou en promotion ne le sont pas.<\/div>\n<div><strong>Pas d&#8217;\u00e9changes possible<\/strong><\/div>","protected":false},"excerpt":{"rendered":"","protected":false},"author":1,"featured_media":0,"parent":0,"menu_order":0,"comment_status":"closed","ping_status":"closed","template":"","meta":{"bwfblock_default_font":"","_uag_custom_page_level_css":"","jetpack_post_was_ever_published":false,"footnotes":""},"class_list":["post-145","page","type-page","status-publish","hentry"],"jetpack_sharing_enabled":true,"uagb_featured_image_src":{"full":false,"thumbnail":false,"medium":false,"medium_large":false,"large":false,"1536x1536":false,"2048x2048":false,"trp-custom-language-flag":false,"woocommerce_thumbnail":false,"woocommerce_single":false,"woocommerce_gallery_thumbnail":false},"uagb_author_info":{"display_name":"admin","author_link":"https:\/\/maillotdefootstore.com\/en\/archives\/author\/admin"},"uagb_comment_info":0,"uagb_excerpt":null,"_links":{"self":[{"href":"https:\/\/maillotdefootstore.com\/en\/wp-json\/wp\/v2\/pages\/145","targetHints":{"allow":["GET"]}}],"collection":[{"href":"https:\/\/maillotdefootstore.com\/en\/wp-json\/wp\/v2\/pages"}],"about":[{"href":"https:\/\/maillotdefootstore.com\/en\/wp-json\/wp\/v2\/types\/page"}],"author":[{"embeddable":true,"href":"https:\/\/maillotdefootstore.com\/en\/wp-json\/wp\/v2\/users\/1"}],"replies":[{"embeddable":true,"href":"https:\/\/maillotdefootstore.com\/en\/wp-json\/wp\/v2\/comments?post=145"}],"version-history":[{"count":2,"href":"https:\/\/maillotdefootstore.com\/en\/wp-json\/wp\/v2\/pages\/145\/revisions"}],"predecessor-version":[{"id":147,"href":"https:\/\/maillotdefootstore.com\/en\/wp-json\/wp\/v2\/pages\/145\/revisions\/147"}],"wp:attachment":[{"href":"https:\/\/maillotdefootstore.com\/en\/wp-json\/wp\/v2\/media?parent=145"}],"curies":[{"name":"wp","href":"https:\/\/api.w.org\/{rel}","templated":true}]}}