{"id":148,"date":"2024-05-18T02:52:18","date_gmt":"2024-05-18T00:52:18","guid":{"rendered":"http:\/\/maillotdefootstore.com\/?page_id=148"},"modified":"2024-05-18T02:52:18","modified_gmt":"2024-05-18T00:52:18","slug":"politique-de-confidentialite","status":"publish","type":"page","link":"https:\/\/maillotdefootstore.com\/en\/politique-de-confidentialite","title":{"rendered":"POLITIQUE DE CONFIDENTIALIT\u00c9"},"content":{"rendered":"<div class=\"container section-title-container\" ><h3 class=\"section-title section-title-center\"><b><\/b><span class=\"section-title-main\" ><i class=\"icon-angle-down\" ><\/i>POLITIQUE DE CONFIDENTIALIT\u00c9<\/span><b><\/b><\/h3><\/div>\n\n<p>La pr\u00e9sente Politique de confidentialit\u00e9 d\u00e9crit la fa\u00e7on dont vos informations personnelles sont recueillies, utilis\u00e9es et partag\u00e9es lorsque vous vous rendez le \u00ab Site \u00bb) ou  vous y effectuez un achat.<br \/>\nINFORMATIONS PERSONNELLES RECUEILLIES<br \/>\nLorsque vous vous rendez sur le Site, nous recueillons automatiquement certaines informations concernant votre appareil, notamment des informations sur votre navigateur web, votre adresse IP, votre fuseau horaire et certains des cookies qui sont install\u00e9s sur votre appareil. En outre, lorsque vous parcourez le Site, nous recueillons des informations sur les pages web ou produits individuels que vous consultez, les sites web ou les termes de recherche qui vous ont permis d&#8217;arriver sur le Site, ainsi que des informations sur la mani\u00e8re dont vous interagissez avec le Site. Nous d\u00e9signons ces informations collect\u00e9es automatiquement sous l&#8217;appellation \u00ab Informations sur l&#8217;appareil \u00bb.<\/p>\n<p>COMMENT UTILISONS-NOUS VOS INFORMATIONS PERSONNELLES ?<br \/>\nEn r\u00e8gle g\u00e9n\u00e9rale, nous utilisons les Informations sur la commande que nous recueillons pour traiter toute commande pass\u00e9e par le biais du Site (y compris pour traiter vos informations de paiement, organiser l&#8217;exp\u00e9dition de votre commande et vous fournir des factures et\/ou des confirmations de commande). En outre, nous utilisons ces Informations sur la commande pour :<br \/>\ncommuniquer avec vous ;<br \/>\n\u00e9valuer les fraudes ou risques potentiels ; et<br \/>\nlorsque cela correspond aux pr\u00e9f\u00e9rences que vous nous avez communiqu\u00e9es, vous fournir des informations ou des publicit\u00e9s concernant nos produits ou services.<br \/>\nNous utilisons les Informations sur l&#8217;appareil (en particulier votre adresse IP) que nous recueillons pour \u00e9valuer les fraudes ou risques potentiels et, de mani\u00e8re plus g\u00e9n\u00e9rale, pour am\u00e9liorer et optimiser notre Site (par exemple, en g\u00e9n\u00e9rant des analyses sur la fa\u00e7on dont nos clients parcourent et interagissent avec le Site, et pour \u00e9valuer la r\u00e9ussite de nos campagnes de publicit\u00e9 et de marketing).<br \/>\nPARTAGE DE VOS INFORMATIONS PERSONNELLES<br \/>\nNous partageons vos Informations personnelles avec des tiers qui nous aident \u00e0 les utiliser aux fins d\u00e9crites pr\u00e9c\u00e9demment. Par exemple, nous utilisons Shopify pour h\u00e9berger notre boutique en ligne. Nous utilisons \u00e9galement Google Analytics pour mieux comprendre comment nos clients utilisent le Site.<br \/>\nEnfin, il se peut que nous partagions aussi vos Informations personnelles pour respecter les lois et r\u00e8glementations applicables, r\u00e9pondre \u00e0 une assignation, \u00e0 un mandat de perquisition ou \u00e0 toute autre demande l\u00e9gale de renseignements que nous recevons, ou pour prot\u00e9ger nos droits.<br \/>\nPUBLICIT\u00c9 COMPORTEMENTALE<br \/>\nComme indiqu\u00e9 ci-dessus, nous utilisons vos Informations personnelles pour vous proposer des publicit\u00e9s cibl\u00e9es ou des messages de marketing qui, selon nous, pourraient vous int\u00e9resser.<br \/>\nR\u00c9TENTION DES DONN\u00c9ES<br \/>\nLorsque vous passez une commande par l&#8217;interm\u00e9diaire du Site, nous conservons les Informations sur votre commande dans nos dossiers, sauf si et jusqu&#8217;\u00e0 ce que vous nous demandiez de les supprimer.<br \/>\nCHANGEMENTS<br \/>\nNous pouvons \u00eatre amen\u00e9s \u00e0 modifier la pr\u00e9sente politique de confidentialit\u00e9 de temps \u00e0 autre afin d&#8217;y refl\u00e9ter, par exemple, les changements apport\u00e9s \u00e0 nos pratiques ou pour d&#8217;autres motifs op\u00e9rationnels, juridiques ou r\u00e9glementaires.<br \/>\nNOUS CONTACTER<br \/>\nPour en savoir plus sur nos pratiques de confidentialit\u00e9, si vous avez des questions ou si vous souhaitez d\u00e9poser une r\u00e9clamation, veuillez nous contacter par e-mail<\/p>","protected":false},"excerpt":{"rendered":"","protected":false},"author":1,"featured_media":0,"parent":0,"menu_order":0,"comment_status":"closed","ping_status":"closed","template":"","meta":{"bwfblock_default_font":"","_uag_custom_page_level_css":"","jetpack_post_was_ever_published":false,"footnotes":""},"class_list":["post-148","page","type-page","status-publish","hentry"],"jetpack_sharing_enabled":true,"uagb_featured_image_src":{"full":false,"thumbnail":false,"medium":false,"medium_large":false,"large":false,"1536x1536":false,"2048x2048":false,"trp-custom-language-flag":false,"woocommerce_thumbnail":false,"woocommerce_single":false,"woocommerce_gallery_thumbnail":false},"uagb_author_info":{"display_name":"admin","author_link":"https:\/\/maillotdefootstore.com\/en\/archives\/author\/admin"},"uagb_comment_info":0,"uagb_excerpt":null,"_links":{"self":[{"href":"https:\/\/maillotdefootstore.com\/en\/wp-json\/wp\/v2\/pages\/148","targetHints":{"allow":["GET"]}}],"collection":[{"href":"https:\/\/maillotdefootstore.com\/en\/wp-json\/wp\/v2\/pages"}],"about":[{"href":"https:\/\/maillotdefootstore.com\/en\/wp-json\/wp\/v2\/types\/page"}],"author":[{"embeddable":true,"href":"https:\/\/maillotdefootstore.com\/en\/wp-json\/wp\/v2\/users\/1"}],"replies":[{"embeddable":true,"href":"https:\/\/maillotdefootstore.com\/en\/wp-json\/wp\/v2\/comments?post=148"}],"version-history":[{"count":2,"href":"https:\/\/maillotdefootstore.com\/en\/wp-json\/wp\/v2\/pages\/148\/revisions"}],"predecessor-version":[{"id":150,"href":"https:\/\/maillotdefootstore.com\/en\/wp-json\/wp\/v2\/pages\/148\/revisions\/150"}],"wp:attachment":[{"href":"https:\/\/maillotdefootstore.com\/en\/wp-json\/wp\/v2\/media?parent=148"}],"curies":[{"name":"wp","href":"https:\/\/api.w.org\/{rel}","templated":true}]}}