{"id":151,"date":"2024-05-18T02:54:37","date_gmt":"2024-05-18T00:54:37","guid":{"rendered":"http:\/\/maillotdefootstore.com\/?page_id=151"},"modified":"2024-05-18T02:54:41","modified_gmt":"2024-05-18T00:54:41","slug":"politique-de-remboursement","status":"publish","type":"page","link":"https:\/\/maillotdefootstore.com\/en\/politique-de-remboursement","title":{"rendered":"POLITIQUE DE REMBOURSEMENT"},"content":{"rendered":"<div class=\"container section-title-container\" ><h3 class=\"section-title section-title-center\"><b><\/b><span class=\"section-title-main\" ><i class=\"icon-angle-down\" ><\/i>POLITIQUE DE REMBOURSEMENT<\/span><b><\/b><\/h3><\/div>\n\n<p>Remboursements (le cas \u00e9ch\u00e9ant)<br \/>Une fois votre retour re\u00e7u et inspect\u00e9, nous vous adresserons un e-mail pour vous indiquer que nous avons re\u00e7u l&#8217;article retourn\u00e9. Nous vous pr\u00e9ciserons \u00e9galement si votre remboursement est approuv\u00e9 ou refus\u00e9.<br \/>S&#8217;il est approuv\u00e9, votre remboursement est alors trait\u00e9 et votre carte de cr\u00e9dit ou moyen de paiement initial se voit cr\u00e9dit\u00e9(e) automatiquement dans un d\u00e9lai de quelques jours.<br \/>Remboursements retard\u00e9s ou manquants (le cas \u00e9ch\u00e9ant)<br \/>Si vous n&#8217;avez pas encore re\u00e7u de remboursement, rev\u00e9rifiez d&#8217;abord votre compte bancaire.<br \/>Puis contactez la soci\u00e9t\u00e9 \u00e9mettrice de votre carte de cr\u00e9dit, car il se peut que l&#8217;affichage officiel de votre remboursement prenne un peu de temps.<br \/>Ensuite, contactez votre banque. L&#8217;affichage d&#8217;un remboursement est souvent pr\u00e9c\u00e9d\u00e9 d&#8217;un d\u00e9lai de traitement.<br \/>Si vous avez effectu\u00e9 toutes ces d\u00e9marches et que vous n&#8217;avez toujours pas re\u00e7u votre remboursement, contactez-nous \u00e0 notre adresse mail<\/p>","protected":false},"excerpt":{"rendered":"","protected":false},"author":1,"featured_media":0,"parent":0,"menu_order":0,"comment_status":"closed","ping_status":"closed","template":"","meta":{"bwfblock_default_font":"","_uag_custom_page_level_css":"","jetpack_post_was_ever_published":false,"footnotes":""},"class_list":["post-151","page","type-page","status-publish","hentry"],"jetpack_sharing_enabled":true,"uagb_featured_image_src":{"full":false,"thumbnail":false,"medium":false,"medium_large":false,"large":false,"1536x1536":false,"2048x2048":false,"trp-custom-language-flag":false,"woocommerce_thumbnail":false,"woocommerce_single":false,"woocommerce_gallery_thumbnail":false},"uagb_author_info":{"display_name":"admin","author_link":"https:\/\/maillotdefootstore.com\/en\/archives\/author\/admin"},"uagb_comment_info":0,"uagb_excerpt":null,"_links":{"self":[{"href":"https:\/\/maillotdefootstore.com\/en\/wp-json\/wp\/v2\/pages\/151","targetHints":{"allow":["GET"]}}],"collection":[{"href":"https:\/\/maillotdefootstore.com\/en\/wp-json\/wp\/v2\/pages"}],"about":[{"href":"https:\/\/maillotdefootstore.com\/en\/wp-json\/wp\/v2\/types\/page"}],"author":[{"embeddable":true,"href":"https:\/\/maillotdefootstore.com\/en\/wp-json\/wp\/v2\/users\/1"}],"replies":[{"embeddable":true,"href":"https:\/\/maillotdefootstore.com\/en\/wp-json\/wp\/v2\/comments?post=151"}],"version-history":[{"count":2,"href":"https:\/\/maillotdefootstore.com\/en\/wp-json\/wp\/v2\/pages\/151\/revisions"}],"predecessor-version":[{"id":153,"href":"https:\/\/maillotdefootstore.com\/en\/wp-json\/wp\/v2\/pages\/151\/revisions\/153"}],"wp:attachment":[{"href":"https:\/\/maillotdefootstore.com\/en\/wp-json\/wp\/v2\/media?parent=151"}],"curies":[{"name":"wp","href":"https:\/\/api.w.org\/{rel}","templated":true}]}}