{"id":10000,"date":"2024-05-27T13:48:25","date_gmt":"2024-05-27T11:48:25","guid":{"rendered":"http:\/\/maillotdefootstore.com\/?post_type=product&#038;p=10000"},"modified":"2024-06-21T16:54:47","modified_gmt":"2024-06-21T14:54:47","slug":"bresil-maillot-edition-limitee-2023-2024","status":"publish","type":"product","link":"https:\/\/maillotdefootstore.com\/en\/product\/bresil-maillot-edition-limitee-2023-2024","title":{"rendered":"Br\u00e9sil maillot \u00c9dition limit\u00e9e 2023\/2024"},"content":{"rendered":"","protected":false},"excerpt":{"rendered":"","protected":false},"featured_media":10121,"template":"","meta":{"bwfblock_default_font":"","_uag_custom_page_level_css":"","jetpack_post_was_ever_published":false},"product_cat":[119,21,120,97,22,17],"product_tag":[],"class_list":{"0":"post-10000","1":"product","2":"type-product","3":"status-publish","4":"has-post-thumbnail","6":"product_cat-autres-equipes-nationales","7":"product_cat-boutique","8":"product_cat-bresil","9":"product_cat-equipes-nationales","10":"product_cat-plus-de-liens","11":"product_cat-tous-nos-maillots","13":"first","14":"instock","15":"sale","16":"shipping-taxable","17":"purchasable","18":"product-type-simple"},"jetpack_sharing_enabled":true,"uagb_featured_image_src":{"full":["https:\/\/maillotdefootstore.com\/wp-content\/uploads\/2024\/05\/34f8d2032fa6000b9c99a1b9fe9b5982.webp",2048,1693,false],"thumbnail":["https:\/\/maillotdefootstore.com\/wp-content\/uploads\/2024\/05\/34f8d2032fa6000b9c99a1b9fe9b5982-150x150.webp",150,150,true],"medium":["https:\/\/maillotdefootstore.com\/wp-content\/uploads\/2024\/05\/34f8d2032fa6000b9c99a1b9fe9b5982-300x248.webp",300,248,true],"medium_large":["https:\/\/maillotdefootstore.com\/wp-content\/uploads\/2024\/05\/34f8d2032fa6000b9c99a1b9fe9b5982-768x635.webp",768,635,true],"large":["https:\/\/maillotdefootstore.com\/wp-content\/uploads\/2024\/05\/34f8d2032fa6000b9c99a1b9fe9b5982-1024x847.webp",1020,844,true],"1536x1536":["https:\/\/maillotdefootstore.com\/wp-content\/uploads\/2024\/05\/34f8d2032fa6000b9c99a1b9fe9b5982-1536x1270.webp",1536,1270,true],"2048x2048":["https:\/\/maillotdefootstore.com\/wp-content\/uploads\/2024\/05\/34f8d2032fa6000b9c99a1b9fe9b5982.webp",2048,1693,false],"trp-custom-language-flag":["https:\/\/maillotdefootstore.com\/wp-content\/uploads\/2024\/05\/34f8d2032fa6000b9c99a1b9fe9b5982.webp",15,12,false],"woocommerce_thumbnail":["https:\/\/maillotdefootstore.com\/wp-content\/uploads\/2024\/05\/34f8d2032fa6000b9c99a1b9fe9b5982-247x247.webp",247,247,true],"woocommerce_single":["https:\/\/maillotdefootstore.com\/wp-content\/uploads\/2024\/05\/34f8d2032fa6000b9c99a1b9fe9b5982-510x422.webp",510,422,true],"woocommerce_gallery_thumbnail":["https:\/\/maillotdefootstore.com\/wp-content\/uploads\/2024\/05\/34f8d2032fa6000b9c99a1b9fe9b5982-100x100.webp",100,100,true]},"uagb_author_info":{"display_name":"admin","author_link":"https:\/\/maillotdefootstore.com\/en\/archives\/author"},"uagb_comment_info":0,"uagb_excerpt":null,"_links":{"self":[{"href":"https:\/\/maillotdefootstore.com\/en\/wp-json\/wp\/v2\/product\/10000","targetHints":{"allow":["GET"]}}],"collection":[{"href":"https:\/\/maillotdefootstore.com\/en\/wp-json\/wp\/v2\/product"}],"about":[{"href":"https:\/\/maillotdefootstore.com\/en\/wp-json\/wp\/v2\/types\/product"}],"wp:featuredmedia":[{"embeddable":true,"href":"https:\/\/maillotdefootstore.com\/en\/wp-json\/wp\/v2\/media\/10121"}],"wp:attachment":[{"href":"https:\/\/maillotdefootstore.com\/en\/wp-json\/wp\/v2\/media?parent=10000"}],"wp:term":[{"taxonomy":"product_cat","embeddable":true,"href":"https:\/\/maillotdefootstore.com\/en\/wp-json\/wp\/v2\/product_cat?post=10000"},{"taxonomy":"product_tag","embeddable":true,"href":"https:\/\/maillotdefootstore.com\/en\/wp-json\/wp\/v2\/product_tag?post=10000"}],"curies":[{"name":"wp","href":"https:\/\/api.w.org\/{rel}","templated":true}]}}