{"id":16993,"date":"2024-06-21T15:08:33","date_gmt":"2024-06-21T13:08:33","guid":{"rendered":"http:\/\/maillotdefootstore.com\/?post_type=product&#038;p=16993"},"modified":"2024-11-21T08:24:40","modified_gmt":"2024-11-21T07:24:40","slug":"senegal-maillot-exterieure-24-25","status":"publish","type":"product","link":"https:\/\/maillotdefootstore.com\/en\/product\/senegal-maillot-exterieure-24-25","title":{"rendered":"S\u00e9n\u00e9gal maillot ext\u00e9rieure 24\/25"},"content":{"rendered":"","protected":false},"excerpt":{"rendered":"","protected":false},"featured_media":16994,"template":"","meta":{"bwfblock_default_font":"","_uag_custom_page_level_css":"","jetpack_post_was_ever_published":false},"product_brand":[],"product_cat":[112,97,117],"product_tag":[],"class_list":{"0":"post-16993","1":"product","2":"type-product","3":"status-publish","4":"has-post-thumbnail","6":"product_cat-afrique","7":"product_cat-equipes-nationales","8":"product_cat-senegal","10":"first","11":"instock","12":"sale","13":"shipping-taxable","14":"purchasable","15":"product-type-simple"},"uagb_featured_image_src":{"full":["https:\/\/maillotdefootstore.com\/wp-content\/uploads\/2024\/06\/senegal-away-shirt-22-23.jpg",1000,1000,false],"thumbnail":["https:\/\/maillotdefootstore.com\/wp-content\/uploads\/2024\/06\/senegal-away-shirt-22-23-150x150.jpg",150,150,true],"medium":["https:\/\/maillotdefootstore.com\/wp-content\/uploads\/2024\/06\/senegal-away-shirt-22-23-300x300.jpg",300,300,true],"medium_large":["https:\/\/maillotdefootstore.com\/wp-content\/uploads\/2024\/06\/senegal-away-shirt-22-23-768x768.jpg",768,768,true],"large":["https:\/\/maillotdefootstore.com\/wp-content\/uploads\/2024\/06\/senegal-away-shirt-22-23.jpg",1000,1000,false],"1536x1536":["https:\/\/maillotdefootstore.com\/wp-content\/uploads\/2024\/06\/senegal-away-shirt-22-23.jpg",1000,1000,false],"2048x2048":["https:\/\/maillotdefootstore.com\/wp-content\/uploads\/2024\/06\/senegal-away-shirt-22-23.jpg",1000,1000,false],"trp-custom-language-flag":["https:\/\/maillotdefootstore.com\/wp-content\/uploads\/2024\/06\/senegal-away-shirt-22-23.jpg",12,12,false],"woocommerce_thumbnail":["https:\/\/maillotdefootstore.com\/wp-content\/uploads\/2024\/06\/senegal-away-shirt-22-23-247x247.jpg",247,247,true],"woocommerce_single":["https:\/\/maillotdefootstore.com\/wp-content\/uploads\/2024\/06\/senegal-away-shirt-22-23-510x510.jpg",510,510,true],"woocommerce_gallery_thumbnail":["https:\/\/maillotdefootstore.com\/wp-content\/uploads\/2024\/06\/senegal-away-shirt-22-23-100x100.jpg",100,100,true]},"uagb_author_info":{"display_name":"admin","author_link":"https:\/\/maillotdefootstore.com\/en\/archives\/author"},"uagb_comment_info":0,"uagb_excerpt":null,"jetpack_sharing_enabled":true,"_links":{"self":[{"href":"https:\/\/maillotdefootstore.com\/en\/wp-json\/wp\/v2\/product\/16993","targetHints":{"allow":["GET"]}}],"collection":[{"href":"https:\/\/maillotdefootstore.com\/en\/wp-json\/wp\/v2\/product"}],"about":[{"href":"https:\/\/maillotdefootstore.com\/en\/wp-json\/wp\/v2\/types\/product"}],"wp:featuredmedia":[{"embeddable":true,"href":"https:\/\/maillotdefootstore.com\/en\/wp-json\/wp\/v2\/media\/16994"}],"wp:attachment":[{"href":"https:\/\/maillotdefootstore.com\/en\/wp-json\/wp\/v2\/media?parent=16993"}],"wp:term":[{"taxonomy":"product_brand","embeddable":true,"href":"https:\/\/maillotdefootstore.com\/en\/wp-json\/wp\/v2\/product_brand?post=16993"},{"taxonomy":"product_cat","embeddable":true,"href":"https:\/\/maillotdefootstore.com\/en\/wp-json\/wp\/v2\/product_cat?post=16993"},{"taxonomy":"product_tag","embeddable":true,"href":"https:\/\/maillotdefootstore.com\/en\/wp-json\/wp\/v2\/product_tag?post=16993"}],"curies":[{"name":"wp","href":"https:\/\/api.w.org\/{rel}","templated":true}]}}