{"id":17579,"date":"2024-06-24T01:16:08","date_gmt":"2024-06-23T23:16:08","guid":{"rendered":"http:\/\/maillotdefootstore.com\/?post_type=product&#038;p=17579"},"modified":"2024-11-21T05:29:41","modified_gmt":"2024-11-21T04:29:41","slug":"kit-enfant-argentine-domicile-2024-short-offert%f0%9f%94%a5","status":"publish","type":"product","link":"https:\/\/maillotdefootstore.com\/en\/product\/kit-enfant-argentine-domicile-2024-short-offert%f0%9f%94%a5","title":{"rendered":"KIT ENFANT ARGENTINE DOMICILE 2024 SHORT OFFERT\ud83d\udd25"},"content":{"rendered":"<h3 class=\"subtitle___9ljbp\">MAILLOT DE FOOTBALL OFFICIEL AVEC BLASON ARGENTIN ET 3 BANDES.<\/h3>\n<p class=\"gl-vspace\">Affiche un nouveau look pour c\u00e9l\u00e9brer un h\u00e9ritage \u00e9pique. Con\u00e7ue pour les joueurs professionnels, la collection Authentique mixe des d\u00e9tails techniques et un design audacieux pour apporter un twist dynamique sur le terrain. Arborant les embl\u00e9matiques symboles nationaux avec une silhouette moderne, le maillot domicile de l&#8217;Argentine authentique 2024 rend hommage \u00e0 l\u2019enthousiasme des fans de l&#8217;Albiceleste. Affichant le blanc et le bleu embl\u00e9matiques, ce maillot slim est confectionn\u00e9 dans une mati\u00e8re l\u00e9g\u00e8re qui s&#8217;ajuste confortablement sur la peau. La technologie adidas HEAT.RDY utilise des tissus innovants qui favorisent la circulation de l&#8217;air pour te garder au frais quand tu profites de l&#8217;\u00e9nergie de la foule. Ce produit est con\u00e7u avec au moins 70 % de mat\u00e9riaux recycl\u00e9s. En r\u00e9utilisant des mat\u00e9riaux d\u00e9j\u00e0 cr\u00e9\u00e9s, nous contribuons \u00e0 r\u00e9duire les d\u00e9chets et notre d\u00e9pendance aux ressources limit\u00e9es.<\/p>","protected":false},"excerpt":{"rendered":"<p>MAILLOT DE FOOTBALL OFFICIEL AVEC BLASON ARGENTIN ET 3 BANDES. Affiche un nouveau look pour c\u00e9l\u00e9brer un h\u00e9ritage \u00e9pique. Con\u00e7ue pour les joueurs professionnels, la collection Authentique mixe des d\u00e9tails techniques et un design audacieux pour apporter un twist dynamique sur le terrain. Arborant les embl\u00e9matiques symboles nationaux avec une silhouette moderne, le maillot domicile [&#8230;]","protected":false},"featured_media":17485,"template":"","meta":{"bwfblock_default_font":"","_uag_custom_page_level_css":"","jetpack_post_was_ever_published":false},"product_cat":[179,121,21,30,19],"product_tag":[],"class_list":{"0":"post-17579","1":"product","2":"type-product","3":"status-publish","4":"has-post-thumbnail","6":"product_cat-bebe","7":"product_cat-argentine","8":"product_cat-boutique","9":"product_cat-ensemble-enfant","10":"product_cat-ensemble","12":"first","13":"instock","14":"sale","15":"shipping-taxable","16":"purchasable","17":"product-type-simple"},"jetpack_sharing_enabled":true,"uagb_featured_image_src":{"full":["https:\/\/maillotdefootstore.com\/wp-content\/uploads\/2024\/06\/WhatsAppImage2024-03-19a08.51.02_bcaf9a57.webp",900,900,false],"thumbnail":["https:\/\/maillotdefootstore.com\/wp-content\/uploads\/2024\/06\/WhatsAppImage2024-03-19a08.51.02_bcaf9a57-150x150.webp",150,150,true],"medium":["https:\/\/maillotdefootstore.com\/wp-content\/uploads\/2024\/06\/WhatsAppImage2024-03-19a08.51.02_bcaf9a57-300x300.webp",300,300,true],"medium_large":["https:\/\/maillotdefootstore.com\/wp-content\/uploads\/2024\/06\/WhatsAppImage2024-03-19a08.51.02_bcaf9a57-768x768.webp",768,768,true],"large":["https:\/\/maillotdefootstore.com\/wp-content\/uploads\/2024\/06\/WhatsAppImage2024-03-19a08.51.02_bcaf9a57.webp",900,900,false],"1536x1536":["https:\/\/maillotdefootstore.com\/wp-content\/uploads\/2024\/06\/WhatsAppImage2024-03-19a08.51.02_bcaf9a57.webp",900,900,false],"2048x2048":["https:\/\/maillotdefootstore.com\/wp-content\/uploads\/2024\/06\/WhatsAppImage2024-03-19a08.51.02_bcaf9a57.webp",900,900,false],"trp-custom-language-flag":["https:\/\/maillotdefootstore.com\/wp-content\/uploads\/2024\/06\/WhatsAppImage2024-03-19a08.51.02_bcaf9a57.webp",12,12,false],"woocommerce_thumbnail":["https:\/\/maillotdefootstore.com\/wp-content\/uploads\/2024\/06\/WhatsAppImage2024-03-19a08.51.02_bcaf9a57-247x247.webp",247,247,true],"woocommerce_single":["https:\/\/maillotdefootstore.com\/wp-content\/uploads\/2024\/06\/WhatsAppImage2024-03-19a08.51.02_bcaf9a57-510x510.webp",510,510,true],"woocommerce_gallery_thumbnail":["https:\/\/maillotdefootstore.com\/wp-content\/uploads\/2024\/06\/WhatsAppImage2024-03-19a08.51.02_bcaf9a57-100x100.webp",100,100,true]},"uagb_author_info":{"display_name":"fahd","author_link":"https:\/\/maillotdefootstore.com\/en\/archives\/author"},"uagb_comment_info":0,"uagb_excerpt":"MAILLOT DE FOOTBALL OFFICIEL AVEC BLASON ARGENTIN ET 3 BANDES. Affiche un nouveau look pour c\u00e9l\u00e9brer un h\u00e9ritage \u00e9pique. Con\u00e7ue pour les joueurs professionnels, la collection Authentique mixe des d\u00e9tails techniques et un design audacieux pour apporter un twist dynamique sur le terrain. Arborant les embl\u00e9matiques symboles nationaux avec une silhouette moderne, le maillot domicile&hellip;","_links":{"self":[{"href":"https:\/\/maillotdefootstore.com\/en\/wp-json\/wp\/v2\/product\/17579","targetHints":{"allow":["GET"]}}],"collection":[{"href":"https:\/\/maillotdefootstore.com\/en\/wp-json\/wp\/v2\/product"}],"about":[{"href":"https:\/\/maillotdefootstore.com\/en\/wp-json\/wp\/v2\/types\/product"}],"wp:featuredmedia":[{"embeddable":true,"href":"https:\/\/maillotdefootstore.com\/en\/wp-json\/wp\/v2\/media\/17485"}],"wp:attachment":[{"href":"https:\/\/maillotdefootstore.com\/en\/wp-json\/wp\/v2\/media?parent=17579"}],"wp:term":[{"taxonomy":"product_cat","embeddable":true,"href":"https:\/\/maillotdefootstore.com\/en\/wp-json\/wp\/v2\/product_cat?post=17579"},{"taxonomy":"product_tag","embeddable":true,"href":"https:\/\/maillotdefootstore.com\/en\/wp-json\/wp\/v2\/product_tag?post=17579"}],"curies":[{"name":"wp","href":"https:\/\/api.w.org\/{rel}","templated":true}]}}