{"id":18326,"date":"2024-11-06T11:32:15","date_gmt":"2024-11-06T10:32:15","guid":{"rendered":"https:\/\/maillotdefootstore.com\/?post_type=product&#038;p=18326"},"modified":"2024-11-14T17:45:41","modified_gmt":"2024-11-14T16:45:41","slug":"algerie-maillot-domicile-2022-2023-2","status":"publish","type":"product","link":"https:\/\/maillotdefootstore.com\/en\/product\/algerie-maillot-domicile-2022-2023-2","title":{"rendered":"Nouveau maillot d\u2019Alg\u00e9rie vert 2024-2025"},"content":{"rendered":"<p>Nouveau maillot d\u2019Alg\u00e9rie vert 2024-2025, inspir\u00e9 de la tenue officielle de l\u2019\u00e9quipe nationale pour la saison \u00e0 venir. Ce maillot domicile de l\u2019Alg\u00e9rie est parfait pour les supporters qui souhaitent afficher fi\u00e8rement leurs couleurs. Con\u00e7u pour les fans de football, ce maillot de la collection 2024-2025 est un incontournable pour tous les passionn\u00e9s de l\u2019\u00e9quipe nationale alg\u00e9rienne. Id\u00e9al pour montrer votre soutien lors des matchs et c\u00e9l\u00e9brer le football alg\u00e9rien.<\/p>","protected":false},"excerpt":{"rendered":"<p>Nouveau maillot d\u2019Alg\u00e9rie vert 2024-2025, inspir\u00e9 de la tenue officielle de l\u2019\u00e9quipe nationale pour la saison \u00e0 venir. Ce maillot domicile de l\u2019Alg\u00e9rie est parfait pour les supporters qui souhaitent afficher fi\u00e8rement leurs couleurs. Con\u00e7u pour les fans de football, ce maillot de la collection 2024-2025 est un incontournable pour tous les passionn\u00e9s de l\u2019\u00e9quipe [&#8230;]\n","protected":false},"featured_media":18327,"template":"","meta":{"bwfblock_default_font":"","_uag_custom_page_level_css":"","jetpack_post_was_ever_published":false},"product_brand":[],"product_cat":[112,113,21,97,22,17],"product_tag":[],"class_list":{"0":"post-18326","1":"product","2":"type-product","3":"status-publish","4":"has-post-thumbnail","6":"product_cat-afrique","7":"product_cat-algerie","8":"product_cat-boutique","9":"product_cat-equipes-nationales","10":"product_cat-plus-de-liens","11":"product_cat-tous-nos-maillots","13":"first","14":"instock","15":"sale","16":"shipping-taxable","17":"purchasable","18":"product-type-simple"},"uagb_featured_image_src":{"full":["https:\/\/maillotdefootstore.com\/wp-content\/uploads\/2024\/11\/img_4956.jpeg",960,960,false],"thumbnail":["https:\/\/maillotdefootstore.com\/wp-content\/uploads\/2024\/11\/img_4956-150x150.jpeg",150,150,true],"medium":["https:\/\/maillotdefootstore.com\/wp-content\/uploads\/2024\/11\/img_4956-300x300.jpeg",300,300,true],"medium_large":["https:\/\/maillotdefootstore.com\/wp-content\/uploads\/2024\/11\/img_4956-768x768.jpeg",768,768,true],"large":["https:\/\/maillotdefootstore.com\/wp-content\/uploads\/2024\/11\/img_4956.jpeg",960,960,false],"1536x1536":["https:\/\/maillotdefootstore.com\/wp-content\/uploads\/2024\/11\/img_4956.jpeg",960,960,false],"2048x2048":["https:\/\/maillotdefootstore.com\/wp-content\/uploads\/2024\/11\/img_4956.jpeg",960,960,false],"trp-custom-language-flag":["https:\/\/maillotdefootstore.com\/wp-content\/uploads\/2024\/11\/img_4956-12x12.jpeg",12,12,true],"woocommerce_thumbnail":["https:\/\/maillotdefootstore.com\/wp-content\/uploads\/2024\/11\/img_4956-247x247.jpeg",247,247,true],"woocommerce_single":["https:\/\/maillotdefootstore.com\/wp-content\/uploads\/2024\/11\/img_4956-510x510.jpeg",510,510,true],"woocommerce_gallery_thumbnail":["https:\/\/maillotdefootstore.com\/wp-content\/uploads\/2024\/11\/img_4956-100x100.jpeg",100,100,true]},"uagb_author_info":{"display_name":"fahd","author_link":"https:\/\/maillotdefootstore.com\/en\/archives\/author"},"uagb_comment_info":0,"uagb_excerpt":"Nouveau maillot d\u2019Alg\u00e9rie vert 2024-2025, inspir\u00e9 de la tenue officielle de l\u2019\u00e9quipe nationale pour la saison \u00e0 venir. Ce maillot domicile de l\u2019Alg\u00e9rie est parfait pour les supporters qui souhaitent afficher fi\u00e8rement leurs couleurs. Con\u00e7u pour les fans de football, ce maillot de la collection 2024-2025 est un incontournable pour tous les passionn\u00e9s de l\u2019\u00e9quipe&hellip;","jetpack_sharing_enabled":true,"_links":{"self":[{"href":"https:\/\/maillotdefootstore.com\/en\/wp-json\/wp\/v2\/product\/18326","targetHints":{"allow":["GET"]}}],"collection":[{"href":"https:\/\/maillotdefootstore.com\/en\/wp-json\/wp\/v2\/product"}],"about":[{"href":"https:\/\/maillotdefootstore.com\/en\/wp-json\/wp\/v2\/types\/product"}],"wp:featuredmedia":[{"embeddable":true,"href":"https:\/\/maillotdefootstore.com\/en\/wp-json\/wp\/v2\/media\/18327"}],"wp:attachment":[{"href":"https:\/\/maillotdefootstore.com\/en\/wp-json\/wp\/v2\/media?parent=18326"}],"wp:term":[{"taxonomy":"product_brand","embeddable":true,"href":"https:\/\/maillotdefootstore.com\/en\/wp-json\/wp\/v2\/product_brand?post=18326"},{"taxonomy":"product_cat","embeddable":true,"href":"https:\/\/maillotdefootstore.com\/en\/wp-json\/wp\/v2\/product_cat?post=18326"},{"taxonomy":"product_tag","embeddable":true,"href":"https:\/\/maillotdefootstore.com\/en\/wp-json\/wp\/v2\/product_tag?post=18326"}],"curies":[{"name":"wp","href":"https:\/\/api.w.org\/{rel}","templated":true}]}}