{"id":18329,"date":"2024-11-06T11:36:44","date_gmt":"2024-11-06T10:36:44","guid":{"rendered":"https:\/\/maillotdefootstore.com\/?post_type=product&#038;p=18329"},"modified":"2024-11-19T19:34:08","modified_gmt":"2024-11-19T18:34:08","slug":"algerie-maillot-domicile-2022-2023-2-2","status":"publish","type":"product","link":"https:\/\/maillotdefootstore.com\/en\/product\/algerie-maillot-domicile-2022-2023-2-2","title":{"rendered":"Nouveau maillot d\u2019Alg\u00e9rie blanc 2024-2025"},"content":{"rendered":"<p>Nouveau maillot d\u2019Alg\u00e9rie blanc 2024-2025, repr\u00e9sentant la tenue officielle de l\u2019\u00e9quipe nationale pour cette saison. Ce maillot ext\u00e9rieur de l\u2019Alg\u00e9rie est id\u00e9al pour les supporters souhaitant arborer fi\u00e8rement les couleurs de leur \u00e9quipe. Avec son design moderne et \u00e9l\u00e9gant, ce maillot de la collection 2024-2025 est parfait pour tous les passionn\u00e9s de l\u2019\u00e9quipe nationale alg\u00e9rienne. Montrez votre soutien aux Fennecs et c\u00e9l\u00e9brez le football alg\u00e9rien avec style lors des matchs !<\/p>","protected":false},"excerpt":{"rendered":"<p>Nouveau maillot d\u2019Alg\u00e9rie blanc 2024-2025, repr\u00e9sentant la tenue officielle de l\u2019\u00e9quipe nationale pour cette saison. Ce maillot ext\u00e9rieur de l\u2019Alg\u00e9rie est id\u00e9al pour les supporters souhaitant arborer fi\u00e8rement les couleurs de leur \u00e9quipe. Avec son design moderne et \u00e9l\u00e9gant, ce maillot de la collection 2024-2025 est parfait pour tous les passionn\u00e9s de l\u2019\u00e9quipe nationale alg\u00e9rienne. [&#8230;]","protected":false},"featured_media":18330,"template":"","meta":{"bwfblock_default_font":"","_uag_custom_page_level_css":"","jetpack_post_was_ever_published":false},"product_cat":[112,113,21,97,22,17],"product_tag":[],"class_list":{"0":"post-18329","1":"product","2":"type-product","3":"status-publish","4":"has-post-thumbnail","6":"product_cat-afrique","7":"product_cat-algerie","8":"product_cat-boutique","9":"product_cat-equipes-nationales","10":"product_cat-plus-de-liens","11":"product_cat-tous-nos-maillots","13":"first","14":"instock","15":"sale","16":"shipping-taxable","17":"purchasable","18":"product-type-simple"},"jetpack_sharing_enabled":true,"uagb_featured_image_src":{"full":["https:\/\/maillotdefootstore.com\/wp-content\/uploads\/2024\/11\/img_4954.jpeg",768,768,false],"thumbnail":["https:\/\/maillotdefootstore.com\/wp-content\/uploads\/2024\/11\/img_4954-150x150.jpeg",150,150,true],"medium":["https:\/\/maillotdefootstore.com\/wp-content\/uploads\/2024\/11\/img_4954-300x300.jpeg",300,300,true],"medium_large":["https:\/\/maillotdefootstore.com\/wp-content\/uploads\/2024\/11\/img_4954.jpeg",768,768,false],"large":["https:\/\/maillotdefootstore.com\/wp-content\/uploads\/2024\/11\/img_4954.jpeg",768,768,false],"1536x1536":["https:\/\/maillotdefootstore.com\/wp-content\/uploads\/2024\/11\/img_4954.jpeg",768,768,false],"2048x2048":["https:\/\/maillotdefootstore.com\/wp-content\/uploads\/2024\/11\/img_4954.jpeg",768,768,false],"trp-custom-language-flag":["https:\/\/maillotdefootstore.com\/wp-content\/uploads\/2024\/11\/img_4954-12x12.jpeg",12,12,true],"woocommerce_thumbnail":["https:\/\/maillotdefootstore.com\/wp-content\/uploads\/2024\/11\/img_4954-247x247.jpeg",247,247,true],"woocommerce_single":["https:\/\/maillotdefootstore.com\/wp-content\/uploads\/2024\/11\/img_4954-510x510.jpeg",510,510,true],"woocommerce_gallery_thumbnail":["https:\/\/maillotdefootstore.com\/wp-content\/uploads\/2024\/11\/img_4954-100x100.jpeg",100,100,true]},"uagb_author_info":{"display_name":"fahd","author_link":"https:\/\/maillotdefootstore.com\/en\/archives\/author"},"uagb_comment_info":0,"uagb_excerpt":"Nouveau maillot d\u2019Alg\u00e9rie blanc 2024-2025, repr\u00e9sentant la tenue officielle de l\u2019\u00e9quipe nationale pour cette saison. Ce maillot ext\u00e9rieur de l\u2019Alg\u00e9rie est id\u00e9al pour les supporters souhaitant arborer fi\u00e8rement les couleurs de leur \u00e9quipe. Avec son design moderne et \u00e9l\u00e9gant, ce maillot de la collection 2024-2025 est parfait pour tous les passionn\u00e9s de l\u2019\u00e9quipe nationale alg\u00e9rienne.&hellip;","_links":{"self":[{"href":"https:\/\/maillotdefootstore.com\/en\/wp-json\/wp\/v2\/product\/18329","targetHints":{"allow":["GET"]}}],"collection":[{"href":"https:\/\/maillotdefootstore.com\/en\/wp-json\/wp\/v2\/product"}],"about":[{"href":"https:\/\/maillotdefootstore.com\/en\/wp-json\/wp\/v2\/types\/product"}],"wp:featuredmedia":[{"embeddable":true,"href":"https:\/\/maillotdefootstore.com\/en\/wp-json\/wp\/v2\/media\/18330"}],"wp:attachment":[{"href":"https:\/\/maillotdefootstore.com\/en\/wp-json\/wp\/v2\/media?parent=18329"}],"wp:term":[{"taxonomy":"product_cat","embeddable":true,"href":"https:\/\/maillotdefootstore.com\/en\/wp-json\/wp\/v2\/product_cat?post=18329"},{"taxonomy":"product_tag","embeddable":true,"href":"https:\/\/maillotdefootstore.com\/en\/wp-json\/wp\/v2\/product_tag?post=18329"}],"curies":[{"name":"wp","href":"https:\/\/api.w.org\/{rel}","templated":true}]}}