{"id":23785,"date":"2024-11-29T02:35:47","date_gmt":"2024-11-29T01:35:47","guid":{"rendered":"https:\/\/maillotdefootstore.com\/?post_type=product&#038;p=23785"},"modified":"2024-11-29T02:37:26","modified_gmt":"2024-11-29T01:37:26","slug":"maillot-lille-losc-domicile-2024-2025-2-2","status":"publish","type":"product","link":"https:\/\/maillotdefootstore.com\/en\/product\/maillot-lille-losc-domicile-2024-2025-2-2","title":{"rendered":"Maillot Lille LOSC 2025 \u00c9DITION SP\u00c9CIALE ET LIMIT\u00c9E \ud83d\udd25\ud83c\uddeb\ud83c\uddf7"},"content":{"rendered":"<p>Maillot Lille LOSC 2025 \u00c9DITION SP\u00c9CIALE ET LIMIT\u00c9E \ud83d\udd25\ud83c\uddeb\ud83c\uddf7<\/p>\n<h2>Lille losc<\/h2>\n<div class=\"h2_svg mb-4\"><\/div>\n<div class=\"shopify-product-reviews-badge\" data-id=\"9252973740376\"><\/div>","protected":false},"excerpt":{"rendered":"<p>Maillot Lille LOSC 2025 \u00c9DITION SP\u00c9CIALE ET LIMIT\u00c9E \ud83d\udd25\ud83c\uddeb\ud83c\uddf7 Lille losc<\/p>","protected":false},"featured_media":23787,"template":"","meta":{"bwfblock_default_font":"","_uag_custom_page_level_css":"","jetpack_post_was_ever_published":false},"product_cat":[21,25,63,34],"product_tag":[],"class_list":{"0":"post-23785","1":"product","2":"type-product","3":"status-publish","4":"has-post-thumbnail","6":"product_cat-boutique","7":"product_cat-ligue-1-fr","8":"product_cat-losc","9":"product_cat-maillots-par-clubs","11":"first","12":"instock","13":"sale","14":"shipping-taxable","15":"purchasable","16":"product-type-simple"},"jetpack_sharing_enabled":true,"uagb_featured_image_src":{"full":["https:\/\/maillotdefootstore.com\/wp-content\/uploads\/2024\/11\/40c5c7bb-fe4d-40ec-82b0-d36a9cf378a2.jpeg",1080,1080,false],"thumbnail":["https:\/\/maillotdefootstore.com\/wp-content\/uploads\/2024\/11\/40c5c7bb-fe4d-40ec-82b0-d36a9cf378a2-150x150.jpeg",150,150,true],"medium":["https:\/\/maillotdefootstore.com\/wp-content\/uploads\/2024\/11\/40c5c7bb-fe4d-40ec-82b0-d36a9cf378a2-300x300.jpeg",300,300,true],"medium_large":["https:\/\/maillotdefootstore.com\/wp-content\/uploads\/2024\/11\/40c5c7bb-fe4d-40ec-82b0-d36a9cf378a2-768x768.jpeg",768,768,true],"large":["https:\/\/maillotdefootstore.com\/wp-content\/uploads\/2024\/11\/40c5c7bb-fe4d-40ec-82b0-d36a9cf378a2-1024x1024.jpeg",1020,1020,true],"1536x1536":["https:\/\/maillotdefootstore.com\/wp-content\/uploads\/2024\/11\/40c5c7bb-fe4d-40ec-82b0-d36a9cf378a2.jpeg",1080,1080,false],"2048x2048":["https:\/\/maillotdefootstore.com\/wp-content\/uploads\/2024\/11\/40c5c7bb-fe4d-40ec-82b0-d36a9cf378a2.jpeg",1080,1080,false],"trp-custom-language-flag":["https:\/\/maillotdefootstore.com\/wp-content\/uploads\/2024\/11\/40c5c7bb-fe4d-40ec-82b0-d36a9cf378a2-12x12.jpeg",12,12,true],"woocommerce_thumbnail":["https:\/\/maillotdefootstore.com\/wp-content\/uploads\/2024\/11\/40c5c7bb-fe4d-40ec-82b0-d36a9cf378a2-247x247.jpeg",247,247,true],"woocommerce_single":["https:\/\/maillotdefootstore.com\/wp-content\/uploads\/2024\/11\/40c5c7bb-fe4d-40ec-82b0-d36a9cf378a2-510x510.jpeg",510,510,true],"woocommerce_gallery_thumbnail":["https:\/\/maillotdefootstore.com\/wp-content\/uploads\/2024\/11\/40c5c7bb-fe4d-40ec-82b0-d36a9cf378a2-100x100.jpeg",100,100,true]},"uagb_author_info":{"display_name":"fahd","author_link":"https:\/\/maillotdefootstore.com\/en\/archives\/author"},"uagb_comment_info":0,"uagb_excerpt":"Maillot Lille LOSC 2025 \u00c9DITION SP\u00c9CIALE ET LIMIT\u00c9E \ud83d\udd25\ud83c\uddeb\ud83c\uddf7 Lille losc","_links":{"self":[{"href":"https:\/\/maillotdefootstore.com\/en\/wp-json\/wp\/v2\/product\/23785","targetHints":{"allow":["GET"]}}],"collection":[{"href":"https:\/\/maillotdefootstore.com\/en\/wp-json\/wp\/v2\/product"}],"about":[{"href":"https:\/\/maillotdefootstore.com\/en\/wp-json\/wp\/v2\/types\/product"}],"wp:featuredmedia":[{"embeddable":true,"href":"https:\/\/maillotdefootstore.com\/en\/wp-json\/wp\/v2\/media\/23787"}],"wp:attachment":[{"href":"https:\/\/maillotdefootstore.com\/en\/wp-json\/wp\/v2\/media?parent=23785"}],"wp:term":[{"taxonomy":"product_cat","embeddable":true,"href":"https:\/\/maillotdefootstore.com\/en\/wp-json\/wp\/v2\/product_cat?post=23785"},{"taxonomy":"product_tag","embeddable":true,"href":"https:\/\/maillotdefootstore.com\/en\/wp-json\/wp\/v2\/product_tag?post=23785"}],"curies":[{"name":"wp","href":"https:\/\/api.w.org\/{rel}","templated":true}]}}