{"id":6558,"date":"2024-05-27T03:22:56","date_gmt":"2024-05-27T01:22:56","guid":{"rendered":"http:\/\/maillotdefootstore.com\/?post_type=product&#038;p=6558"},"modified":"2024-06-22T19:55:53","modified_gmt":"2024-06-22T17:55:53","slug":"algerie-maillot-kabyle-edition-speciale-version-player-turquoise-2023-2024","status":"publish","type":"product","link":"https:\/\/maillotdefootstore.com\/en\/product\/algerie-maillot-kabyle-edition-speciale-version-player-turquoise-2023-2024","title":{"rendered":"Alg\u00e9rie maillot kabyle \u00c9dition sp\u00e9ciale version Player Turquoise 2023 2024"},"content":{"rendered":"","protected":false},"excerpt":{"rendered":"","protected":false},"featured_media":6679,"template":"","meta":{"bwfblock_default_font":"","_uag_custom_page_level_css":"","jetpack_post_was_ever_published":false},"product_cat":[112,113,21,97,22,17],"product_tag":[],"class_list":{"0":"post-6558","1":"product","2":"type-product","3":"status-publish","4":"has-post-thumbnail","6":"product_cat-afrique","7":"product_cat-algerie","8":"product_cat-boutique","9":"product_cat-equipes-nationales","10":"product_cat-plus-de-liens","11":"product_cat-tous-nos-maillots","13":"first","14":"instock","15":"sale","16":"shipping-taxable","17":"purchasable","18":"product-type-simple"},"jetpack_sharing_enabled":true,"uagb_featured_image_src":{"full":["https:\/\/maillotdefootstore.com\/wp-content\/uploads\/2024\/05\/50df238c6bfc4ff5b0f548db67305efa.webp",1242,2190,false],"thumbnail":["https:\/\/maillotdefootstore.com\/wp-content\/uploads\/2024\/05\/50df238c6bfc4ff5b0f548db67305efa-150x150.webp",150,150,true],"medium":["https:\/\/maillotdefootstore.com\/wp-content\/uploads\/2024\/05\/50df238c6bfc4ff5b0f548db67305efa-170x300.webp",170,300,true],"medium_large":["https:\/\/maillotdefootstore.com\/wp-content\/uploads\/2024\/05\/50df238c6bfc4ff5b0f548db67305efa-768x1354.webp",768,1354,true],"large":["https:\/\/maillotdefootstore.com\/wp-content\/uploads\/2024\/05\/50df238c6bfc4ff5b0f548db67305efa-581x1024.webp",581,1024,true],"1536x1536":["https:\/\/maillotdefootstore.com\/wp-content\/uploads\/2024\/05\/50df238c6bfc4ff5b0f548db67305efa-871x1536.webp",871,1536,true],"2048x2048":["https:\/\/maillotdefootstore.com\/wp-content\/uploads\/2024\/05\/50df238c6bfc4ff5b0f548db67305efa-1161x2048.webp",1161,2048,true],"trp-custom-language-flag":["https:\/\/maillotdefootstore.com\/wp-content\/uploads\/2024\/05\/50df238c6bfc4ff5b0f548db67305efa.webp",7,12,false],"woocommerce_thumbnail":["https:\/\/maillotdefootstore.com\/wp-content\/uploads\/2024\/05\/50df238c6bfc4ff5b0f548db67305efa-247x247.webp",247,247,true],"woocommerce_single":["https:\/\/maillotdefootstore.com\/wp-content\/uploads\/2024\/05\/50df238c6bfc4ff5b0f548db67305efa-510x899.webp",510,899,true],"woocommerce_gallery_thumbnail":["https:\/\/maillotdefootstore.com\/wp-content\/uploads\/2024\/05\/50df238c6bfc4ff5b0f548db67305efa-100x100.webp",100,100,true]},"uagb_author_info":{"display_name":"admin","author_link":"https:\/\/maillotdefootstore.com\/en\/archives\/author"},"uagb_comment_info":0,"uagb_excerpt":null,"_links":{"self":[{"href":"https:\/\/maillotdefootstore.com\/en\/wp-json\/wp\/v2\/product\/6558","targetHints":{"allow":["GET"]}}],"collection":[{"href":"https:\/\/maillotdefootstore.com\/en\/wp-json\/wp\/v2\/product"}],"about":[{"href":"https:\/\/maillotdefootstore.com\/en\/wp-json\/wp\/v2\/types\/product"}],"wp:featuredmedia":[{"embeddable":true,"href":"https:\/\/maillotdefootstore.com\/en\/wp-json\/wp\/v2\/media\/6679"}],"wp:attachment":[{"href":"https:\/\/maillotdefootstore.com\/en\/wp-json\/wp\/v2\/media?parent=6558"}],"wp:term":[{"taxonomy":"product_cat","embeddable":true,"href":"https:\/\/maillotdefootstore.com\/en\/wp-json\/wp\/v2\/product_cat?post=6558"},{"taxonomy":"product_tag","embeddable":true,"href":"https:\/\/maillotdefootstore.com\/en\/wp-json\/wp\/v2\/product_tag?post=6558"}],"curies":[{"name":"wp","href":"https:\/\/api.w.org\/{rel}","templated":true}]}}