{"id":9385,"date":"2024-05-27T13:33:46","date_gmt":"2024-05-27T11:33:46","guid":{"rendered":"http:\/\/maillotdefootstore.com\/?post_type=product&#038;p=9385"},"modified":"2024-06-21T16:58:06","modified_gmt":"2024-06-21T14:58:06","slug":"bresil-edition-speciale-bleu-vert-2022","status":"publish","type":"product","link":"https:\/\/maillotdefootstore.com\/en\/product\/bresil-edition-speciale-bleu-vert-2022","title":{"rendered":"Br\u00e9sil \u00c9dition sp\u00e9ciale Bleu &amp; Vert 2022"},"content":{"rendered":"","protected":false},"excerpt":{"rendered":"","protected":false},"featured_media":9507,"template":"","meta":{"bwfblock_default_font":"","_uag_custom_page_level_css":"","jetpack_post_was_ever_published":false},"product_cat":[119,21,120,97,22,17],"product_tag":[],"class_list":{"0":"post-9385","1":"product","2":"type-product","3":"status-publish","4":"has-post-thumbnail","6":"product_cat-autres-equipes-nationales","7":"product_cat-boutique","8":"product_cat-bresil","9":"product_cat-equipes-nationales","10":"product_cat-plus-de-liens","11":"product_cat-tous-nos-maillots","13":"first","14":"instock","15":"sale","16":"shipping-taxable","17":"purchasable","18":"product-type-simple"},"jetpack_sharing_enabled":true,"uagb_featured_image_src":{"full":["https:\/\/maillotdefootstore.com\/wp-content\/uploads\/2024\/05\/db0e62244a890df1e2e10faef4f0182e.webp",2048,2048,false],"thumbnail":["https:\/\/maillotdefootstore.com\/wp-content\/uploads\/2024\/05\/db0e62244a890df1e2e10faef4f0182e-150x150.webp",150,150,true],"medium":["https:\/\/maillotdefootstore.com\/wp-content\/uploads\/2024\/05\/db0e62244a890df1e2e10faef4f0182e-300x300.webp",300,300,true],"medium_large":["https:\/\/maillotdefootstore.com\/wp-content\/uploads\/2024\/05\/db0e62244a890df1e2e10faef4f0182e-768x768.webp",768,768,true],"large":["https:\/\/maillotdefootstore.com\/wp-content\/uploads\/2024\/05\/db0e62244a890df1e2e10faef4f0182e-1024x1024.webp",1020,1020,true],"1536x1536":["https:\/\/maillotdefootstore.com\/wp-content\/uploads\/2024\/05\/db0e62244a890df1e2e10faef4f0182e-1536x1536.webp",1536,1536,true],"2048x2048":["https:\/\/maillotdefootstore.com\/wp-content\/uploads\/2024\/05\/db0e62244a890df1e2e10faef4f0182e.webp",2048,2048,false],"trp-custom-language-flag":["https:\/\/maillotdefootstore.com\/wp-content\/uploads\/2024\/05\/db0e62244a890df1e2e10faef4f0182e.webp",12,12,false],"woocommerce_thumbnail":["https:\/\/maillotdefootstore.com\/wp-content\/uploads\/2024\/05\/db0e62244a890df1e2e10faef4f0182e-247x247.webp",247,247,true],"woocommerce_single":["https:\/\/maillotdefootstore.com\/wp-content\/uploads\/2024\/05\/db0e62244a890df1e2e10faef4f0182e-510x510.webp",510,510,true],"woocommerce_gallery_thumbnail":["https:\/\/maillotdefootstore.com\/wp-content\/uploads\/2024\/05\/db0e62244a890df1e2e10faef4f0182e-100x100.webp",100,100,true]},"uagb_author_info":{"display_name":"admin","author_link":"https:\/\/maillotdefootstore.com\/en\/archives\/author"},"uagb_comment_info":0,"uagb_excerpt":null,"_links":{"self":[{"href":"https:\/\/maillotdefootstore.com\/en\/wp-json\/wp\/v2\/product\/9385","targetHints":{"allow":["GET"]}}],"collection":[{"href":"https:\/\/maillotdefootstore.com\/en\/wp-json\/wp\/v2\/product"}],"about":[{"href":"https:\/\/maillotdefootstore.com\/en\/wp-json\/wp\/v2\/types\/product"}],"wp:featuredmedia":[{"embeddable":true,"href":"https:\/\/maillotdefootstore.com\/en\/wp-json\/wp\/v2\/media\/9507"}],"wp:attachment":[{"href":"https:\/\/maillotdefootstore.com\/en\/wp-json\/wp\/v2\/media?parent=9385"}],"wp:term":[{"taxonomy":"product_cat","embeddable":true,"href":"https:\/\/maillotdefootstore.com\/en\/wp-json\/wp\/v2\/product_cat?post=9385"},{"taxonomy":"product_tag","embeddable":true,"href":"https:\/\/maillotdefootstore.com\/en\/wp-json\/wp\/v2\/product_tag?post=9385"}],"curies":[{"name":"wp","href":"https:\/\/api.w.org\/{rel}","templated":true}]}}